{"id":141,"date":"2025-08-05T17:00:24","date_gmt":"2025-08-05T17:00:24","guid":{"rendered":"http:\/\/www.gatewayservices.pl\/?page_id=141"},"modified":"2025-08-30T11:47:57","modified_gmt":"2025-08-30T11:47:57","slug":"kontakt-2","status":"publish","type":"page","link":"https:\/\/www.gatewayservices.pl\/index.php\/kontakt-2\/","title":{"rendered":"Kontakt"},"content":{"rendered":"\t\t<div data-elementor-type=\"wp-page\" data-elementor-id=\"141\" class=\"elementor elementor-141\">\n\t\t\t\t<div class=\"elementor-element elementor-element-d411951 e-flex e-con-boxed e-con e-parent\" data-id=\"d411951\" data-element_type=\"container\">\n\t\t\t\t\t<div class=\"e-con-inner\">\n\t\t\t\t<div class=\"elementor-element elementor-element-781d38e elementor-align-center elementor-widget-mobile__width-initial elementor-widget elementor-widget-button\" data-id=\"781d38e\" data-element_type=\"widget\" data-widget_type=\"button.default\">\n\t\t\t\t\t\t\t\t\t\t<a class=\"elementor-button elementor-size-sm\" role=\"button\">\n\t\t\t\t\t\t<span class=\"elementor-button-content-wrapper\">\n\t\t\t\t\t\t\t\t\t<span class=\"elementor-button-text\">Realizuj swoje cele z nasz\u0105 pomoc\u0105. Zapisz si\u0119 na lekcj\u0119 ju\u017c dzi\u015b!<\/span>\n\t\t\t\t\t<\/span>\n\t\t\t\t\t<\/a>\n\t\t\t\t\t\t\t\t<\/div>\n\t\t\t\t<div class=\"elementor-element elementor-element-be433b8 elementor-widget elementor-widget-spacer\" data-id=\"be433b8\" data-element_type=\"widget\" data-widget_type=\"spacer.default\">\n\t\t\t\t\t\t\t<div class=\"elementor-spacer\">\n\t\t\t<div class=\"elementor-spacer-inner\"><\/div>\n\t\t<\/div>\n\t\t\t\t\t\t<\/div>\n\t\t\t\t<div class=\"elementor-element elementor-element-de3c250 elementor-widget__width-initial elementor-widget-mobile__width-initial elementor-widget elementor-widget-image\" data-id=\"de3c250\" data-element_type=\"widget\" data-widget_type=\"image.default\">\n\t\t\t\t\t\t\t\t\t\t\t\t\t\t\t<img fetchpriority=\"high\" decoding=\"async\" width=\"800\" height=\"450\" src=\"https:\/\/www.gatewayservices.pl\/wp-content\/uploads\/2025\/08\/Zobacz-jak-mozemy-Ci-pomoc-3-1024x576.png\" class=\"attachment-large size-large wp-image-375\" alt=\"\" srcset=\"https:\/\/www.gatewayservices.pl\/wp-content\/uploads\/2025\/08\/Zobacz-jak-mozemy-Ci-pomoc-3-1024x576.png 1024w, https:\/\/www.gatewayservices.pl\/wp-content\/uploads\/2025\/08\/Zobacz-jak-mozemy-Ci-pomoc-3-300x169.png 300w, https:\/\/www.gatewayservices.pl\/wp-content\/uploads\/2025\/08\/Zobacz-jak-mozemy-Ci-pomoc-3-768x432.png 768w, https:\/\/www.gatewayservices.pl\/wp-content\/uploads\/2025\/08\/Zobacz-jak-mozemy-Ci-pomoc-3-1536x864.png 1536w, https:\/\/www.gatewayservices.pl\/wp-content\/uploads\/2025\/08\/Zobacz-jak-mozemy-Ci-pomoc-3-2048x1152.png 2048w\" sizes=\"(max-width: 800px) 100vw, 800px\" \/>\t\t\t\t\t\t\t\t\t\t\t\t\t\t\t<\/div>\n\t\t\t\t<div class=\"elementor-element elementor-element-c6fbb1f elementor-widget elementor-widget-spacer\" data-id=\"c6fbb1f\" data-element_type=\"widget\" data-widget_type=\"spacer.default\">\n\t\t\t\t\t\t\t<div class=\"elementor-spacer\">\n\t\t\t<div class=\"elementor-spacer-inner\"><\/div>\n\t\t<\/div>\n\t\t\t\t\t\t<\/div>\n\t\t<div class=\"elementor-element elementor-element-11e8d1a e-con-full e-flex e-con e-child\" data-id=\"11e8d1a\" data-element_type=\"container\">\n\t\t\t\t<div class=\"elementor-element elementor-element-c984fb4 elementor-widget-tablet__width-initial elementor-widget-mobile__width-initial elementor-widget elementor-widget-heading\" data-id=\"c984fb4\" data-element_type=\"widget\" data-widget_type=\"heading.default\">\n\t\t\t\t\t<h2 class=\"elementor-heading-title elementor-size-default\">Wype\u0142nij formularz, napisz do nas e-mail lub zadzwo\u0144! <br><br>Ch\u0119tnie opowiemy wi\u0119cej o naszej ofercie i pomo\u017cemy wybra\u0107 najlepsze zaj\u0119cia dla Ciebie!<\/h2>\t\t\t\t<\/div>\n\t\t\t\t<\/div>\n\t\t\t\t<div class=\"elementor-element elementor-element-2e89854 elementor-widget elementor-widget-spacer\" data-id=\"2e89854\" data-element_type=\"widget\" data-widget_type=\"spacer.default\">\n\t\t\t\t\t\t\t<div class=\"elementor-spacer\">\n\t\t\t<div class=\"elementor-spacer-inner\"><\/div>\n\t\t<\/div>\n\t\t\t\t\t\t<\/div>\n\t\t\t\t\t<\/div>\n\t\t\t\t<\/div>\n\t\t<div class=\"elementor-element elementor-element-9c78796 e-flex e-con-boxed e-con e-parent\" data-id=\"9c78796\" data-element_type=\"container\">\n\t\t\t\t\t<div class=\"e-con-inner\">\n\t\t\t\t<div class=\"elementor-element elementor-element-f11ae63 elementor-widget__width-initial elementor-widget-mobile__width-initial elementor-widget elementor-widget-image\" data-id=\"f11ae63\" data-element_type=\"widget\" data-widget_type=\"image.default\">\n\t\t\t\t\t\t\t\t\t\t\t\t\t\t\t<img decoding=\"async\" width=\"800\" height=\"450\" src=\"https:\/\/www.gatewayservices.pl\/wp-content\/uploads\/2025\/08\/Zobacz-jak-mozemy-Ci-pomoc-6-1024x576.png\" class=\"attachment-large size-large wp-image-389\" alt=\"\" srcset=\"https:\/\/www.gatewayservices.pl\/wp-content\/uploads\/2025\/08\/Zobacz-jak-mozemy-Ci-pomoc-6-1024x576.png 1024w, https:\/\/www.gatewayservices.pl\/wp-content\/uploads\/2025\/08\/Zobacz-jak-mozemy-Ci-pomoc-6-300x169.png 300w, https:\/\/www.gatewayservices.pl\/wp-content\/uploads\/2025\/08\/Zobacz-jak-mozemy-Ci-pomoc-6-768x432.png 768w, https:\/\/www.gatewayservices.pl\/wp-content\/uploads\/2025\/08\/Zobacz-jak-mozemy-Ci-pomoc-6-1536x864.png 1536w, https:\/\/www.gatewayservices.pl\/wp-content\/uploads\/2025\/08\/Zobacz-jak-mozemy-Ci-pomoc-6-2048x1152.png 2048w\" sizes=\"(max-width: 800px) 100vw, 800px\" \/>\t\t\t\t\t\t\t\t\t\t\t\t\t\t\t<\/div>\n\t\t\t\t<div class=\"elementor-element elementor-element-f404c1d elementor-widget elementor-widget-spacer\" data-id=\"f404c1d\" data-element_type=\"widget\" data-widget_type=\"spacer.default\">\n\t\t\t\t\t\t\t<div class=\"elementor-spacer\">\n\t\t\t<div class=\"elementor-spacer-inner\"><\/div>\n\t\t<\/div>\n\t\t\t\t\t\t<\/div>\n\t\t\t\t\t<\/div>\n\t\t\t\t<\/div>\n\t\t<div class=\"elementor-element elementor-element-2b5a3f4 e-flex e-con-boxed e-con e-parent\" data-id=\"2b5a3f4\" data-element_type=\"container\">\n\t\t\t\t\t<div class=\"e-con-inner\">\n\t\t<div class=\"elementor-element elementor-element-2d07047 e-con-full e-flex e-con e-child\" data-id=\"2d07047\" data-element_type=\"container\">\n\t\t\t\t<div class=\"elementor-element elementor-element-fbe369f elementor-widget-tablet__width-initial elementor-widget elementor-widget-text-editor\" data-id=\"fbe369f\" data-element_type=\"widget\" data-widget_type=\"text-editor.default\">\n\t\t\t\t\t\t\t\t\t<p><strong data-start=\"284\" data-end=\"348\">Masz pytania?&nbsp;<\/strong><strong data-start=\"351\" data-end=\"381\">Zadzwo\u0144, napisz na WhatsApp lub wy\u015blij do nas e-mail!<\/strong><\/p>\t\t\t\t\t\t\t\t<\/div>\n\t\t\t\t<div class=\"elementor-element elementor-element-31e4ffc elementor-align-center elementor-icon-list--layout-traditional elementor-list-item-link-full_width elementor-widget elementor-widget-icon-list\" data-id=\"31e4ffc\" data-element_type=\"widget\" data-widget_type=\"icon-list.default\">\n\t\t\t\t\t\t\t<ul class=\"elementor-icon-list-items\">\n\t\t\t\t\t\t\t<li class=\"elementor-icon-list-item\">\n\t\t\t\t\t\t\t\t\t\t\t<span class=\"elementor-icon-list-icon\">\n\t\t\t\t\t\t\t<svg aria-hidden=\"true\" class=\"e-font-icon-svg e-fas-envelope\" viewBox=\"0 0 512 512\" xmlns=\"http:\/\/www.w3.org\/2000\/svg\"><path d=\"M502.3 190.8c3.9-3.1 9.7-.2 9.7 4.7V400c0 26.5-21.5 48-48 48H48c-26.5 0-48-21.5-48-48V195.6c0-5 5.7-7.8 9.7-4.7 22.4 17.4 52.1 39.5 154.1 113.6 21.1 15.4 56.7 47.8 92.2 47.6 35.7.3 72-32.8 92.3-47.6 102-74.1 131.6-96.3 154-113.7zM256 320c23.2.4 56.6-29.2 73.4-41.4 132.7-96.3 142.8-104.7 173.4-128.7 5.8-4.5 9.2-11.5 9.2-18.9v-19c0-26.5-21.5-48-48-48H48C21.5 64 0 85.5 0 112v19c0 7.4 3.4 14.3 9.2 18.9 30.6 23.9 40.7 32.4 173.4 128.7 16.8 12.2 50.2 41.8 73.4 41.4z\"><\/path><\/svg>\t\t\t\t\t\t<\/span>\n\t\t\t\t\t\t\t\t\t\t<span class=\"elementor-icon-list-text\">contact@gatewayservices.pl<\/span>\n\t\t\t\t\t\t\t\t\t<\/li>\n\t\t\t\t\t\t\t\t<li class=\"elementor-icon-list-item\">\n\t\t\t\t\t\t\t\t\t\t\t<span class=\"elementor-icon-list-icon\">\n\t\t\t\t\t\t\t<svg aria-hidden=\"true\" class=\"e-font-icon-svg e-fas-phone-alt\" viewBox=\"0 0 512 512\" xmlns=\"http:\/\/www.w3.org\/2000\/svg\"><path d=\"M497.39 361.8l-112-48a24 24 0 0 0-28 6.9l-49.6 60.6A370.66 370.66 0 0 1 130.6 204.11l60.6-49.6a23.94 23.94 0 0 0 6.9-28l-48-112A24.16 24.16 0 0 0 122.6.61l-104 24A24 24 0 0 0 0 48c0 256.5 207.9 464 464 464a24 24 0 0 0 23.4-18.6l24-104a24.29 24.29 0 0 0-14.01-27.6z\"><\/path><\/svg>\t\t\t\t\t\t<\/span>\n\t\t\t\t\t\t\t\t\t\t<span class=\"elementor-icon-list-text\">+48 453 622 221<\/span>\n\t\t\t\t\t\t\t\t\t<\/li>\n\t\t\t\t\t\t<\/ul>\n\t\t\t\t\t\t<\/div>\n\t\t\t\t<\/div>\n\t\t<div class=\"elementor-element elementor-element-e149b9c e-con-full e-flex e-con e-child\" data-id=\"e149b9c\" data-element_type=\"container\">\n\t\t\t\t<div class=\"elementor-element elementor-element-0b7446f elementor-widget__width-initial elementor-widget elementor-widget-text-editor\" data-id=\"0b7446f\" data-element_type=\"widget\" data-widget_type=\"text-editor.default\">\n\t\t\t\t\t\t\t\t\t<p>Kliknij poni\u017cej, wype\u0142nij formularz i zacznij si\u0119 rozwija\u0107 z nami ju\u017c dzi\u015b!<\/p>\t\t\t\t\t\t\t\t<\/div>\n\t\t\t\t<div class=\"elementor-element elementor-element-d1a4f9b elementor-align-center elementor-widget elementor-widget-button\" data-id=\"d1a4f9b\" data-element_type=\"widget\" data-widget_type=\"button.default\">\n\t\t\t\t\t\t\t\t\t\t<a class=\"elementor-button elementor-button-link elementor-size-sm\" href=\"https:\/\/forms.gle\/MnwFvUZBF3ZghKT56\" target=\"_blank\">\n\t\t\t\t\t\t<span class=\"elementor-button-content-wrapper\">\n\t\t\t\t\t\t\t\t\t<span class=\"elementor-button-text\">Chc\u0119 wype\u0142ni\u0107 formularz!<\/span>\n\t\t\t\t\t<\/span>\n\t\t\t\t\t<\/a>\n\t\t\t\t\t\t\t\t<\/div>\n\t\t\t\t<\/div>\n\t\t\t\t\t<\/div>\n\t\t\t\t<\/div>\n\t\t<div class=\"elementor-element elementor-element-7daeb79 e-flex e-con-boxed e-con e-parent\" data-id=\"7daeb79\" data-element_type=\"container\">\n\t\t\t\t\t<div class=\"e-con-inner\">\n\t\t\t\t<div class=\"elementor-element elementor-element-0198cf2 elementor-widget elementor-widget-spacer\" data-id=\"0198cf2\" data-element_type=\"widget\" data-widget_type=\"spacer.default\">\n\t\t\t\t\t\t\t<div class=\"elementor-spacer\">\n\t\t\t<div class=\"elementor-spacer-inner\"><\/div>\n\t\t<\/div>\n\t\t\t\t\t\t<\/div>\n\t\t\t\t\t<\/div>\n\t\t\t\t<\/div>\n\t\t\t\t<\/div>\n\t\t","protected":false},"excerpt":{"rendered":"<p>Realizuj swoje cele z nasz\u0105 pomoc\u0105. Zapisz si\u0119 na lekcj\u0119 ju\u017c dzi\u015b! Wype\u0142nij formularz, napisz do nas e-mail lub zadzwo\u0144! Ch\u0119tnie opowiemy wi\u0119cej o naszej ofercie i pomo\u017cemy wybra\u0107 najlepsze zaj\u0119cia dla Ciebie! Masz pytania?&nbsp;Zadzwo\u0144, napisz na WhatsApp lub wy\u015blij do nas e-mail! contact@gatewayservices.pl +48 453 622 221 Kliknij poni\u017cej, wype\u0142nij formularz i zacznij si\u0119 [&hellip;]<\/p>\n","protected":false},"author":1,"featured_media":0,"parent":0,"menu_order":0,"comment_status":"closed","ping_status":"closed","template":"","meta":{"footnotes":""},"class_list":["post-141","page","type-page","status-publish","hentry"],"yoast_head":"<!-- This site is optimized with the Yoast SEO plugin v25.6 - https:\/\/yoast.com\/wordpress\/plugins\/seo\/ -->\n<title>Kontakt - WordPress<\/title>\n<meta name=\"robots\" content=\"index, follow, max-snippet:-1, max-image-preview:large, max-video-preview:-1\" \/>\n<link rel=\"canonical\" href=\"https:\/\/www.gatewayservices.pl\/index.php\/kontakt-2\/\" \/>\n<meta property=\"og:locale\" content=\"en_US\" \/>\n<meta property=\"og:type\" content=\"article\" \/>\n<meta property=\"og:title\" content=\"Kontakt - WordPress\" \/>\n<meta property=\"og:description\" content=\"Realizuj swoje cele z nasz\u0105 pomoc\u0105. Zapisz si\u0119 na lekcj\u0119 ju\u017c dzi\u015b! Wype\u0142nij formularz, napisz do nas e-mail lub zadzwo\u0144! Ch\u0119tnie opowiemy wi\u0119cej o naszej ofercie i pomo\u017cemy wybra\u0107 najlepsze zaj\u0119cia dla Ciebie! Masz pytania?&nbsp;Zadzwo\u0144, napisz na WhatsApp lub wy\u015blij do nas e-mail! contact@gatewayservices.pl +48 453 622 221 Kliknij poni\u017cej, wype\u0142nij formularz i zacznij si\u0119 [&hellip;]\" \/>\n<meta property=\"og:url\" content=\"https:\/\/www.gatewayservices.pl\/index.php\/kontakt-2\/\" \/>\n<meta property=\"og:site_name\" content=\"WordPress\" \/>\n<meta property=\"article:modified_time\" content=\"2025-08-30T11:47:57+00:00\" \/>\n<meta property=\"og:image\" content=\"https:\/\/www.gatewayservices.pl\/wp-content\/uploads\/2025\/08\/Zobacz-jak-mozemy-Ci-pomoc-3.png\" \/>\n\t<meta property=\"og:image:width\" content=\"2560\" \/>\n\t<meta property=\"og:image:height\" content=\"1440\" \/>\n\t<meta property=\"og:image:type\" content=\"image\/png\" \/>\n<meta name=\"twitter:card\" content=\"summary_large_image\" \/>\n<meta name=\"twitter:label1\" content=\"Est. reading time\" \/>\n\t<meta name=\"twitter:data1\" content=\"1 minute\" \/>\n<script type=\"application\/ld+json\" class=\"yoast-schema-graph\">{\"@context\":\"https:\/\/schema.org\",\"@graph\":[{\"@type\":\"WebPage\",\"@id\":\"https:\/\/www.gatewayservices.pl\/index.php\/kontakt-2\/\",\"url\":\"https:\/\/www.gatewayservices.pl\/index.php\/kontakt-2\/\",\"name\":\"Kontakt - WordPress\",\"isPartOf\":{\"@id\":\"https:\/\/www.gatewayservices.pl\/#website\"},\"primaryImageOfPage\":{\"@id\":\"https:\/\/www.gatewayservices.pl\/index.php\/kontakt-2\/#primaryimage\"},\"image\":{\"@id\":\"https:\/\/www.gatewayservices.pl\/index.php\/kontakt-2\/#primaryimage\"},\"thumbnailUrl\":\"https:\/\/www.gatewayservices.pl\/wp-content\/uploads\/2025\/08\/Zobacz-jak-mozemy-Ci-pomoc-3-1024x576.png\",\"datePublished\":\"2025-08-05T17:00:24+00:00\",\"dateModified\":\"2025-08-30T11:47:57+00:00\",\"breadcrumb\":{\"@id\":\"https:\/\/www.gatewayservices.pl\/index.php\/kontakt-2\/#breadcrumb\"},\"inLanguage\":\"en-US\",\"potentialAction\":[{\"@type\":\"ReadAction\",\"target\":[\"https:\/\/www.gatewayservices.pl\/index.php\/kontakt-2\/\"]}]},{\"@type\":\"ImageObject\",\"inLanguage\":\"en-US\",\"@id\":\"https:\/\/www.gatewayservices.pl\/index.php\/kontakt-2\/#primaryimage\",\"url\":\"https:\/\/www.gatewayservices.pl\/wp-content\/uploads\/2025\/08\/Zobacz-jak-mozemy-Ci-pomoc-3.png\",\"contentUrl\":\"https:\/\/www.gatewayservices.pl\/wp-content\/uploads\/2025\/08\/Zobacz-jak-mozemy-Ci-pomoc-3.png\",\"width\":2560,\"height\":1440},{\"@type\":\"BreadcrumbList\",\"@id\":\"https:\/\/www.gatewayservices.pl\/index.php\/kontakt-2\/#breadcrumb\",\"itemListElement\":[{\"@type\":\"ListItem\",\"position\":1,\"name\":\"Home\",\"item\":\"https:\/\/www.gatewayservices.pl\/\"},{\"@type\":\"ListItem\",\"position\":2,\"name\":\"Kontakt\"}]},{\"@type\":\"WebSite\",\"@id\":\"https:\/\/www.gatewayservices.pl\/#website\",\"url\":\"https:\/\/www.gatewayservices.pl\/\",\"name\":\"WordPress\",\"description\":\"\",\"potentialAction\":[{\"@type\":\"SearchAction\",\"target\":{\"@type\":\"EntryPoint\",\"urlTemplate\":\"https:\/\/www.gatewayservices.pl\/?s={search_term_string}\"},\"query-input\":{\"@type\":\"PropertyValueSpecification\",\"valueRequired\":true,\"valueName\":\"search_term_string\"}}],\"inLanguage\":\"en-US\"}]}<\/script>\n<!-- \/ Yoast SEO plugin. -->","yoast_head_json":{"title":"Kontakt - WordPress","robots":{"index":"index","follow":"follow","max-snippet":"max-snippet:-1","max-image-preview":"max-image-preview:large","max-video-preview":"max-video-preview:-1"},"canonical":"https:\/\/www.gatewayservices.pl\/index.php\/kontakt-2\/","og_locale":"en_US","og_type":"article","og_title":"Kontakt - WordPress","og_description":"Realizuj swoje cele z nasz\u0105 pomoc\u0105. Zapisz si\u0119 na lekcj\u0119 ju\u017c dzi\u015b! Wype\u0142nij formularz, napisz do nas e-mail lub zadzwo\u0144! Ch\u0119tnie opowiemy wi\u0119cej o naszej ofercie i pomo\u017cemy wybra\u0107 najlepsze zaj\u0119cia dla Ciebie! Masz pytania?&nbsp;Zadzwo\u0144, napisz na WhatsApp lub wy\u015blij do nas e-mail! contact@gatewayservices.pl +48 453 622 221 Kliknij poni\u017cej, wype\u0142nij formularz i zacznij si\u0119 [&hellip;]","og_url":"https:\/\/www.gatewayservices.pl\/index.php\/kontakt-2\/","og_site_name":"WordPress","article_modified_time":"2025-08-30T11:47:57+00:00","og_image":[{"width":2560,"height":1440,"url":"https:\/\/www.gatewayservices.pl\/wp-content\/uploads\/2025\/08\/Zobacz-jak-mozemy-Ci-pomoc-3.png","type":"image\/png"}],"twitter_card":"summary_large_image","twitter_misc":{"Est. reading time":"1 minute"},"schema":{"@context":"https:\/\/schema.org","@graph":[{"@type":"WebPage","@id":"https:\/\/www.gatewayservices.pl\/index.php\/kontakt-2\/","url":"https:\/\/www.gatewayservices.pl\/index.php\/kontakt-2\/","name":"Kontakt - WordPress","isPartOf":{"@id":"https:\/\/www.gatewayservices.pl\/#website"},"primaryImageOfPage":{"@id":"https:\/\/www.gatewayservices.pl\/index.php\/kontakt-2\/#primaryimage"},"image":{"@id":"https:\/\/www.gatewayservices.pl\/index.php\/kontakt-2\/#primaryimage"},"thumbnailUrl":"https:\/\/www.gatewayservices.pl\/wp-content\/uploads\/2025\/08\/Zobacz-jak-mozemy-Ci-pomoc-3-1024x576.png","datePublished":"2025-08-05T17:00:24+00:00","dateModified":"2025-08-30T11:47:57+00:00","breadcrumb":{"@id":"https:\/\/www.gatewayservices.pl\/index.php\/kontakt-2\/#breadcrumb"},"inLanguage":"en-US","potentialAction":[{"@type":"ReadAction","target":["https:\/\/www.gatewayservices.pl\/index.php\/kontakt-2\/"]}]},{"@type":"ImageObject","inLanguage":"en-US","@id":"https:\/\/www.gatewayservices.pl\/index.php\/kontakt-2\/#primaryimage","url":"https:\/\/www.gatewayservices.pl\/wp-content\/uploads\/2025\/08\/Zobacz-jak-mozemy-Ci-pomoc-3.png","contentUrl":"https:\/\/www.gatewayservices.pl\/wp-content\/uploads\/2025\/08\/Zobacz-jak-mozemy-Ci-pomoc-3.png","width":2560,"height":1440},{"@type":"BreadcrumbList","@id":"https:\/\/www.gatewayservices.pl\/index.php\/kontakt-2\/#breadcrumb","itemListElement":[{"@type":"ListItem","position":1,"name":"Home","item":"https:\/\/www.gatewayservices.pl\/"},{"@type":"ListItem","position":2,"name":"Kontakt"}]},{"@type":"WebSite","@id":"https:\/\/www.gatewayservices.pl\/#website","url":"https:\/\/www.gatewayservices.pl\/","name":"WordPress","description":"","potentialAction":[{"@type":"SearchAction","target":{"@type":"EntryPoint","urlTemplate":"https:\/\/www.gatewayservices.pl\/?s={search_term_string}"},"query-input":{"@type":"PropertyValueSpecification","valueRequired":true,"valueName":"search_term_string"}}],"inLanguage":"en-US"}]}},"_links":{"self":[{"href":"https:\/\/www.gatewayservices.pl\/index.php\/wp-json\/wp\/v2\/pages\/141","targetHints":{"allow":["GET"]}}],"collection":[{"href":"https:\/\/www.gatewayservices.pl\/index.php\/wp-json\/wp\/v2\/pages"}],"about":[{"href":"https:\/\/www.gatewayservices.pl\/index.php\/wp-json\/wp\/v2\/types\/page"}],"author":[{"embeddable":true,"href":"https:\/\/www.gatewayservices.pl\/index.php\/wp-json\/wp\/v2\/users\/1"}],"replies":[{"embeddable":true,"href":"https:\/\/www.gatewayservices.pl\/index.php\/wp-json\/wp\/v2\/comments?post=141"}],"version-history":[{"count":148,"href":"https:\/\/www.gatewayservices.pl\/index.php\/wp-json\/wp\/v2\/pages\/141\/revisions"}],"predecessor-version":[{"id":1201,"href":"https:\/\/www.gatewayservices.pl\/index.php\/wp-json\/wp\/v2\/pages\/141\/revisions\/1201"}],"wp:attachment":[{"href":"https:\/\/www.gatewayservices.pl\/index.php\/wp-json\/wp\/v2\/media?parent=141"}],"curies":[{"name":"wp","href":"https:\/\/api.w.org\/{rel}","templated":true}]}}