{"id":37,"date":"2025-08-03T17:43:14","date_gmt":"2025-08-03T17:43:14","guid":{"rendered":"http:\/\/www.gatewayservices.pl\/?page_id=37"},"modified":"2026-02-05T20:22:48","modified_gmt":"2026-02-05T20:22:48","slug":"o-nas","status":"publish","type":"page","link":"https:\/\/www.gatewayservices.pl\/index.php\/o-nas\/","title":{"rendered":"O nas"},"content":{"rendered":"\t\t<div data-elementor-type=\"wp-page\" data-elementor-id=\"37\" class=\"elementor elementor-37\">\n\t\t\t\t<div class=\"elementor-element elementor-element-8606b2e e-flex e-con-boxed e-con e-parent\" data-id=\"8606b2e\" data-element_type=\"container\">\n\t\t\t\t\t<div class=\"e-con-inner\">\n\t\t\t\t<div class=\"elementor-element elementor-element-9fce86e elementor-align-center elementor-widget elementor-widget-button\" data-id=\"9fce86e\" data-element_type=\"widget\" data-widget_type=\"button.default\">\n\t\t\t\t\t\t\t\t\t\t<a class=\"elementor-button elementor-size-sm\" role=\"button\">\n\t\t\t\t\t\t<span class=\"elementor-button-content-wrapper\">\n\t\t\t\t\t\t\t\t\t<span class=\"elementor-button-text\">Zanim powiesz \u201eHello!\u201d Poznaj nas troch\u0119 lepiej!<\/span>\n\t\t\t\t\t<\/span>\n\t\t\t\t\t<\/a>\n\t\t\t\t\t\t\t\t<\/div>\n\t\t\t\t\t<\/div>\n\t\t\t\t<\/div>\n\t\t<div class=\"elementor-element elementor-element-b10f6bb e-con-full e-flex e-con e-parent\" data-id=\"b10f6bb\" data-element_type=\"container\" data-settings=\"{&quot;background_background&quot;:&quot;classic&quot;}\">\n\t\t\t\t<div class=\"elementor-element elementor-element-9b86501 elementor-widget elementor-widget-heading\" data-id=\"9b86501\" data-element_type=\"widget\" data-widget_type=\"heading.default\">\n\t\t\t\t\t<h2 class=\"elementor-heading-title elementor-size-default\">Poznajmy si\u0119!<\/h2>\t\t\t\t<\/div>\n\t\t\t\t<\/div>\n\t\t<div class=\"elementor-element elementor-element-d793adb e-flex e-con-boxed e-con e-parent\" data-id=\"d793adb\" data-element_type=\"container\">\n\t\t\t\t\t<div class=\"e-con-inner\">\n\t\t\t\t<div class=\"elementor-element elementor-element-e149a55 elementor-widget elementor-widget-spacer\" data-id=\"e149a55\" data-element_type=\"widget\" data-widget_type=\"spacer.default\">\n\t\t\t\t\t\t\t<div class=\"elementor-spacer\">\n\t\t\t<div class=\"elementor-spacer-inner\"><\/div>\n\t\t<\/div>\n\t\t\t\t\t\t<\/div>\n\t\t\t\t<div class=\"elementor-element elementor-element-64a8fc6 elementor-widget__width-initial elementor-widget elementor-widget-text-editor\" data-id=\"64a8fc6\" data-element_type=\"widget\" data-widget_type=\"text-editor.default\">\n\t\t\t\t\t\t\t\t\t<p dir=\"ltr\">\u0141\u0105czymy dwa \u015bwiaty: <strong>do\u015bwiadczenie i pasj\u0119<\/strong>, by wspiera\u0107 Ci\u0119 w nauce angielskiego, rozwoju i realizacji cel\u00f3w. J\u0119zyk to dla nas co\u015b wi\u0119cej ni\u017c praca.<\/p><p dir=\"ltr\"><span style=\"font-weight: bolder;\">To codzienno\u015b\u0107 i \u017cyciowa pasja!<\/span><\/p><p dir=\"ltr\">\u00a0<span style=\"font-family: var( --e-global-typography-text-font-family ), Sans-serif; font-weight: var( --e-global-typography-text-font-weight ); font-size: 1rem;\">Rozumiemy, \u017ce kluczem do sukcesu jest nie tylko organizacja czasu, ale te\u017c znalezienie balansu mi\u0119dzy ambitnymi celami a codziennymi wyzwaniami. Jeste\u015bmy tu, by Ci w tym pom\u00f3c &#8211; <\/span><strong><span style=\"font-family: var( --e-global-typography-text-font-family ), Sans-serif; font-size: 1rem;\">z szacunkiem dla <\/span><span style=\"font-family: var( --e-global-typography-text-font-family ), Sans-serif; font-size: 1rem;\">Twojego czasu i potrzeb<\/span><\/strong><span style=\"font-family: var( --e-global-typography-text-font-family ), Sans-serif; font-weight: var( --e-global-typography-text-font-weight ); font-size: 1rem;\">.<\/span><\/p>\t\t\t\t\t\t\t\t<\/div>\n\t\t\t\t<div class=\"elementor-element elementor-element-4723841 elementor-widget elementor-widget-spacer\" data-id=\"4723841\" data-element_type=\"widget\" data-widget_type=\"spacer.default\">\n\t\t\t\t\t\t\t<div class=\"elementor-spacer\">\n\t\t\t<div class=\"elementor-spacer-inner\"><\/div>\n\t\t<\/div>\n\t\t\t\t\t\t<\/div>\n\t\t\t\t\t<\/div>\n\t\t\t\t<\/div>\n\t\t<div class=\"elementor-element elementor-element-04c9a12 e-flex e-con-boxed e-con e-parent\" data-id=\"04c9a12\" data-element_type=\"container\">\n\t\t\t\t\t<div class=\"e-con-inner\">\n\t\t\t\t<div class=\"elementor-element elementor-element-60bd91f elementor-widget__width-initial elementor-widget-tablet__width-initial elementor-widget-mobile__width-initial elementor-widget elementor-widget-image\" data-id=\"60bd91f\" data-element_type=\"widget\" data-widget_type=\"image.default\">\n\t\t\t\t\t\t\t\t\t\t\t\t\t\t\t<img fetchpriority=\"high\" decoding=\"async\" width=\"800\" height=\"600\" src=\"https:\/\/www.gatewayservices.pl\/wp-content\/uploads\/2026\/01\/775313c2-621d-427e-af28-9fc3bbda118e-1024x768.jpg\" class=\"attachment-large size-large wp-image-1279\" alt=\"\" srcset=\"https:\/\/www.gatewayservices.pl\/wp-content\/uploads\/2026\/01\/775313c2-621d-427e-af28-9fc3bbda118e-1024x768.jpg 1024w, https:\/\/www.gatewayservices.pl\/wp-content\/uploads\/2026\/01\/775313c2-621d-427e-af28-9fc3bbda118e-300x225.jpg 300w, https:\/\/www.gatewayservices.pl\/wp-content\/uploads\/2026\/01\/775313c2-621d-427e-af28-9fc3bbda118e-768x576.jpg 768w, https:\/\/www.gatewayservices.pl\/wp-content\/uploads\/2026\/01\/775313c2-621d-427e-af28-9fc3bbda118e-1536x1152.jpg 1536w, https:\/\/www.gatewayservices.pl\/wp-content\/uploads\/2026\/01\/775313c2-621d-427e-af28-9fc3bbda118e-2048x1536.jpg 2048w\" sizes=\"(max-width: 800px) 100vw, 800px\" \/>\t\t\t\t\t\t\t\t\t\t\t\t\t\t\t<\/div>\n\t\t\t\t\t<\/div>\n\t\t\t\t<\/div>\n\t\t<div class=\"elementor-element elementor-element-4f6f0ff e-flex e-con-boxed e-con e-parent\" data-id=\"4f6f0ff\" data-element_type=\"container\">\n\t\t\t\t\t<div class=\"e-con-inner\">\n\t\t\t\t<div class=\"elementor-element elementor-element-d757f87 elementor-widget elementor-widget-spacer\" data-id=\"d757f87\" data-element_type=\"widget\" data-widget_type=\"spacer.default\">\n\t\t\t\t\t\t\t<div class=\"elementor-spacer\">\n\t\t\t<div class=\"elementor-spacer-inner\"><\/div>\n\t\t<\/div>\n\t\t\t\t\t\t<\/div>\n\t\t\t\t\t<\/div>\n\t\t\t\t<\/div>\n\t\t<div class=\"elementor-element elementor-element-e3a19f5 e-con-full e-flex e-con e-parent\" data-id=\"e3a19f5\" data-element_type=\"container\">\n\t\t\t\t<div class=\"elementor-element elementor-element-73c9d9a elementor-align-center elementor-widget elementor-widget-button\" data-id=\"73c9d9a\" data-element_type=\"widget\" data-widget_type=\"button.default\">\n\t\t\t\t\t\t\t\t\t\t<a class=\"elementor-button elementor-size-sm\" role=\"button\">\n\t\t\t\t\t\t<span class=\"elementor-button-content-wrapper\">\n\t\t\t\t\t\t\t\t\t<span class=\"elementor-button-text\">Onyeka - Native speaker<\/span>\n\t\t\t\t\t<\/span>\n\t\t\t\t\t<\/a>\n\t\t\t\t\t\t\t\t<\/div>\n\t\t\t\t<\/div>\n\t\t<div class=\"elementor-element elementor-element-c9ae17b e-flex e-con-boxed e-con e-parent\" data-id=\"c9ae17b\" data-element_type=\"container\">\n\t\t\t\t\t<div class=\"e-con-inner\">\n\t\t\t\t<div class=\"elementor-element elementor-element-2a345cb elementor-widget elementor-widget-text-editor\" data-id=\"2a345cb\" data-element_type=\"widget\" data-widget_type=\"text-editor.default\">\n\t\t\t\t\t\t\t\t\t<p dir=\"ltr\">Jestem native speakerem j\u0119zyka angielskiego, absolwentem presti\u017cowego uniwersytetu, a moja kariera zawodowa zaprowadzi\u0142a mnie <strong>od drapaczy chmur Dubaju po serce Europy w Polsce<\/strong>. Sp\u0119dzi\u0142em pi\u0119\u0107 lat w Dubaju, pracuj\u0105c rami\u0119 w rami\u0119 z wysoko wykwalifikowanymi u\u017cytkownikami j\u0119zyka angielskiego w mi\u0119dzynarodowym \u015brodowisku biznesowym. Obecnie mieszkam w Polsce i pracuj\u0119 w wiod\u0105cej firmie mi\u0119dzynarodowej, gdzie codzienno\u015bci\u0105 jest <strong>precyzyjny, profesjonalny angielski<\/strong> oraz wysoki standard komunikacji.\u00a0<\/p><p dir=\"ltr\">Na przestrzeni lat prowadzi\u0142em szkolenia i konsultacje indywidualne oraz dla zespo\u0142\u00f3w &#8211; od mi\u0119dzynarodowych korporacji chc\u0105cych podnie\u015b\u0107 poziom biznesowego angielskiego swoich pracownik\u00f3w, po klient\u00f3w indywidualnych pragn\u0105cych <strong>odmieni\u0107 swoj\u0105 karier\u0119 i \u017cycie osobiste<\/strong>. Moja wolontariacka dzia\u0142alno\u015b\u0107 w zakresie biznesowego coachingu j\u0119zykowego pomog\u0142a profesjonalistom udoskonali\u0107 komunikacj\u0119 zar\u00f3wno z wewn\u0119trznymi, jak i zewn\u0119trznymi interesariuszami, rozwijaj\u0105c ich umiej\u0119tno\u015bci j\u0119zykowe z <strong>realnym prze\u0142o\u017ceniem na efekty<\/strong>!<\/p><p dir=\"ltr\">Poza j\u0119zykiem oferuj\u0119 r\u00f3wnie\u017c <strong>do\u015bwiadczenie w zakresie doradztwa, strategii kariery oraz rozwoju osobistego<\/strong>. Pomaga\u0142em ludziom radzi\u0107 sobie z wyzwaniami zawodowymi, polityk\u0105 biurow\u0105, strategi\u0105 awans\u00f3w, budowaniem sieci kontakt\u00f3w, mistrzowskim przygotowaniem do rozm\u00f3w kwalifikacyjnych, a nawet w tzw. \u201eprzebudowie \u017cycia\u201d. Wierz\u0119, \u017ce <strong>komunikacja mo\u017ce zaprowadzi\u0107 Ci\u0119 tam, gdzie same kwalifikacje nie wystarcz\u0105<\/strong> &#8211; otwieraj\u0105c drzwi, tworz\u0105c relacje i daj\u0105c nowe mo\u017cliwo\u015bci!<\/p><p dir=\"ltr\">M\u00f3j styl nauczania jest <strong>cierpliwy, empatyczny i dopasowany do ucznia<\/strong>. Rozumiem, \u017ce ka\u017cdy uczy si\u0119 inaczej, dlatego dziel\u0119 materia\u0142 na jasne, praktyczne kroki, dzi\u0119ki czemu <strong>zyskasz pewno\u015b\u0107 siebie na ka\u017cdym etapie<\/strong>.\u00a0<\/p><p dir=\"ltr\"><span style=\"font-family: var( --e-global-typography-text-font-family ), Sans-serif; font-weight: var( --e-global-typography-text-font-weight ); font-size: 1rem;\">Niezale\u017cnie od tego, czy chcesz udoskonali\u0107 sw\u00f3j biznesowy angielski, zab\u0142ysn\u0105\u0107 na rozmowie kwalifikacyjnej czy odnale\u017a\u0107 w\u0142a\u015bciw\u0105 \u015bcie\u017ck\u0119 kariery &#8211; jestem tutaj, aby poprowadzi\u0107 Ci\u0119 w Twoim tempie, <\/span><strong><span style=\"font-family: var( --e-global-typography-text-font-family ), Sans-serif; font-size: 1rem;\">prosto do celu<\/span><\/strong><span style=\"font-family: var( --e-global-typography-text-font-family ), Sans-serif; font-weight: var( --e-global-typography-text-font-weight ); font-size: 1rem;\">!<\/span><\/p>\t\t\t\t\t\t\t\t<\/div>\n\t\t\t\t\t<\/div>\n\t\t\t\t<\/div>\n\t\t<div class=\"elementor-element elementor-element-00ec094 e-flex e-con-boxed e-con e-parent\" data-id=\"00ec094\" data-element_type=\"container\">\n\t\t\t\t\t<div class=\"e-con-inner\">\n\t\t\t\t<div class=\"elementor-element elementor-element-de9517e elementor-align-center elementor-widget elementor-widget-button\" data-id=\"de9517e\" data-element_type=\"widget\" data-widget_type=\"button.default\">\n\t\t\t\t\t\t\t\t\t\t<a class=\"elementor-button elementor-size-sm\" role=\"button\">\n\t\t\t\t\t\t<span class=\"elementor-button-content-wrapper\">\n\t\t\t\t\t\t\t\t\t<span class=\"elementor-button-text\">Paulina - Polski lektor<\/span>\n\t\t\t\t\t<\/span>\n\t\t\t\t\t<\/a>\n\t\t\t\t\t\t\t\t<\/div>\n\t\t\t\t\t<\/div>\n\t\t\t\t<\/div>\n\t\t<div class=\"elementor-element elementor-element-089a273 e-flex e-con-boxed e-con e-parent\" data-id=\"089a273\" data-element_type=\"container\">\n\t\t\t\t\t<div class=\"e-con-inner\">\n\t\t\t\t<div class=\"elementor-element elementor-element-49ce52e elementor-widget elementor-widget-text-editor\" data-id=\"49ce52e\" data-element_type=\"widget\" data-widget_type=\"text-editor.default\">\n\t\t\t\t\t\t\t\t\t<p dir=\"ltr\">Mam do\u015bwiadczenie jako lektor j\u0119zyka angielskiego, ucz\u0105c <strong>dzieci, m\u0142odzie\u017c i doros\u0142ych<\/strong> zar\u00f3wno <strong>j\u0119zyka u\u017cytkowego, jak i biznesowego<\/strong>. Na co dzie\u0144 pracuj\u0119 w <strong>bran\u017cy finansowej<\/strong> i korzystam z j\u0119zyka angielskiego zar\u00f3wno w codziennych, jak i bran\u017cowych, specjalistycznych kontekstach. Jestem studentk\u0105 finans\u00f3w i rachunkowo\u015bci. Zdoby\u0142am do\u015bwiadczenie w kilku mi\u0119dzynarodowych firmach, zajmuj\u0105c si\u0119 rachunkowo\u015bci\u0105 i audytem finansowym. Moje do\u015bwiadczenie uzupe\u0142niaj\u0105 projekty wolontariackie, kt\u00f3re pozwoli\u0142y mi nauczy\u0107 si\u0119 skutecznie komunikowa\u0107 i budowa\u0107 pewno\u015b\u0107 siebie w m\u00f3wieniu po angielsku.<\/p><p dir=\"ltr\"><span style=\"font-family: var( --e-global-typography-text-font-family ), Sans-serif; font-weight: var( --e-global-typography-text-font-weight ); font-size: 1rem;\"><strong>Doskonale znam wyzwania nauki angielskiego<\/strong>. W szkole czu\u0142am, \u017ce ci\u0105gle stoj\u0119 w miejscu i nie potrafi\u0119 nic powiedzie\u0107 ani napisa\u0107. Ju\u017c jako dziecko eksperymentowa\u0142am z r\u00f3\u017cnymi metodami i materia\u0142ami, bo wiedzia\u0142am, \u017ce angielski otworzy przede mn\u0105 <strong>drzwi do lepszej edukacji i \u017cycia w du\u017cym mie\u015bcie<\/strong>.<\/span><\/p><p dir=\"ltr\">Dzi\u0119ki znajomo\u015bci angielskiego uda\u0142o mi si\u0119 zdoby\u0107 maksymaln\u0105 ilo\u015b\u0107 punkt\u00f3w w rekrutacji i dosta\u0107 do najlepszego liceum w Krakowie. Angielski pom\u00f3g\u0142 mi te\u017c zdoby\u0107 <strong>pierwsz\u0105 prac\u0119 w korporacji <\/strong>ju\u017c na pierwszym roku studi\u00f3w!<\/p><p dir=\"ltr\">Z w\u0142asnego do\u015bwiadczenia wiem, <strong>jak wiele drzwi otwiera praktyczna znajomo\u015b\u0107 j\u0119zyka<\/strong>. Wiem te\u017c, jak trudna i frustruj\u0105ca mo\u017ce by\u0107 nauka, zw\u0142aszcza gdy masz du\u017co obowi\u0105zk\u00f3w, ma\u0142o czasu i g\u00f3r\u0119 materia\u0142u do przerobienia. Nie narzucam nierealistycznych cel\u00f3w &#8211; <strong>dostosowuj\u0119 tempo i metody do Twoich mo\u017cliwo\u015bci i stylu nauki<\/strong>. Dla mnie najwa\u017cniejsze jest, \u017ceby nie tylko rozumie\u0107 materia\u0142, ale te\u017c wiedzie\u0107 <strong>po co si\u0119 czego\u015b uczymy i jak mo\u017cemy to wykorzysta\u0107 w praktyce. Komfort i dobra atmosfera s\u0105 dla mnie kluczowe<\/strong>. Nawet gdy masz gorszy dzie\u0144, to pomog\u0119 Ci zrobi\u0107\u00a0<strong>ma\u0142y krok do celu<\/strong>!<\/p><p dir=\"ltr\">Niezale\u017cnie od tego, czy potrzebujesz pomocy z bie\u017c\u0105cym materia\u0142em, przygotowujesz si\u0119 do egzaminu, czy szukasz cierpliwej i empatycznej lektorki, kt\u00f3ra poprowadzi Ci\u0119 krok po kroku to <strong>jestem tu dla Ciebie<\/strong>!<\/p>\t\t\t\t\t\t\t\t<\/div>\n\t\t\t\t\t<\/div>\n\t\t\t\t<\/div>\n\t\t<div class=\"elementor-element elementor-element-d324234 e-flex e-con-boxed e-con e-parent\" data-id=\"d324234\" data-element_type=\"container\">\n\t\t\t\t\t<div class=\"e-con-inner\">\n\t\t\t\t<div class=\"elementor-element elementor-element-44eff00 elementor-widget elementor-widget-spacer\" data-id=\"44eff00\" data-element_type=\"widget\" data-widget_type=\"spacer.default\">\n\t\t\t\t\t\t\t<div class=\"elementor-spacer\">\n\t\t\t<div class=\"elementor-spacer-inner\"><\/div>\n\t\t<\/div>\n\t\t\t\t\t\t<\/div>\n\t\t\t\t\t<\/div>\n\t\t\t\t<\/div>\n\t\t<div class=\"elementor-element elementor-element-0f69451 e-flex e-con-boxed e-con e-parent\" data-id=\"0f69451\" data-element_type=\"container\">\n\t\t\t\t\t<div class=\"e-con-inner\">\n\t\t\t\t<div class=\"elementor-element elementor-element-c8f8aeb elementor-widget elementor-widget-spacer\" data-id=\"c8f8aeb\" data-element_type=\"widget\" data-widget_type=\"spacer.default\">\n\t\t\t\t\t\t\t<div class=\"elementor-spacer\">\n\t\t\t<div class=\"elementor-spacer-inner\"><\/div>\n\t\t<\/div>\n\t\t\t\t\t\t<\/div>\n\t\t\t\t\t<\/div>\n\t\t\t\t<\/div>\n\t\t\t\t<\/div>\n\t\t","protected":false},"excerpt":{"rendered":"<p>Zanim powiesz \u201eHello!\u201d Poznaj nas troch\u0119 lepiej! Poznajmy si\u0119! \u0141\u0105czymy dwa \u015bwiaty: do\u015bwiadczenie i pasj\u0119, by wspiera\u0107 Ci\u0119 w nauce angielskiego, rozwoju i realizacji cel\u00f3w. J\u0119zyk to dla nas co\u015b wi\u0119cej ni\u017c praca. To codzienno\u015b\u0107 i \u017cyciowa pasja! \u00a0Rozumiemy, \u017ce kluczem do sukcesu jest nie tylko organizacja czasu, ale te\u017c znalezienie balansu mi\u0119dzy ambitnymi celami [&hellip;]<\/p>\n","protected":false},"author":1,"featured_media":0,"parent":0,"menu_order":0,"comment_status":"closed","ping_status":"closed","template":"","meta":{"footnotes":""},"class_list":["post-37","page","type-page","status-publish","hentry"],"yoast_head":"<!-- This site is optimized with the Yoast SEO plugin v25.6 - https:\/\/yoast.com\/wordpress\/plugins\/seo\/ -->\n<title>O nas - WordPress<\/title>\n<meta name=\"robots\" content=\"index, follow, max-snippet:-1, max-image-preview:large, max-video-preview:-1\" \/>\n<link rel=\"canonical\" href=\"https:\/\/www.gatewayservices.pl\/index.php\/o-nas\/\" \/>\n<meta property=\"og:locale\" content=\"en_US\" \/>\n<meta property=\"og:type\" content=\"article\" \/>\n<meta property=\"og:title\" content=\"O nas - WordPress\" \/>\n<meta property=\"og:description\" content=\"Zanim powiesz \u201eHello!\u201d Poznaj nas troch\u0119 lepiej! Poznajmy si\u0119! \u0141\u0105czymy dwa \u015bwiaty: do\u015bwiadczenie i pasj\u0119, by wspiera\u0107 Ci\u0119 w nauce angielskiego, rozwoju i realizacji cel\u00f3w. J\u0119zyk to dla nas co\u015b wi\u0119cej ni\u017c praca. To codzienno\u015b\u0107 i \u017cyciowa pasja! \u00a0Rozumiemy, \u017ce kluczem do sukcesu jest nie tylko organizacja czasu, ale te\u017c znalezienie balansu mi\u0119dzy ambitnymi celami [&hellip;]\" \/>\n<meta property=\"og:url\" content=\"https:\/\/www.gatewayservices.pl\/index.php\/o-nas\/\" \/>\n<meta property=\"og:site_name\" content=\"WordPress\" \/>\n<meta property=\"article:modified_time\" content=\"2026-02-05T20:22:48+00:00\" \/>\n<meta property=\"og:image\" content=\"https:\/\/www.gatewayservices.pl\/wp-content\/uploads\/2026\/01\/775313c2-621d-427e-af28-9fc3bbda118e-scaled.jpg\" \/>\n\t<meta property=\"og:image:width\" content=\"2560\" \/>\n\t<meta property=\"og:image:height\" content=\"1920\" \/>\n\t<meta property=\"og:image:type\" content=\"image\/jpeg\" \/>\n<meta name=\"twitter:card\" content=\"summary_large_image\" \/>\n<meta name=\"twitter:label1\" content=\"Est. reading time\" \/>\n\t<meta name=\"twitter:data1\" content=\"3 minutes\" \/>\n<script type=\"application\/ld+json\" class=\"yoast-schema-graph\">{\"@context\":\"https:\/\/schema.org\",\"@graph\":[{\"@type\":\"WebPage\",\"@id\":\"https:\/\/www.gatewayservices.pl\/index.php\/o-nas\/\",\"url\":\"https:\/\/www.gatewayservices.pl\/index.php\/o-nas\/\",\"name\":\"O nas - WordPress\",\"isPartOf\":{\"@id\":\"https:\/\/www.gatewayservices.pl\/#website\"},\"primaryImageOfPage\":{\"@id\":\"https:\/\/www.gatewayservices.pl\/index.php\/o-nas\/#primaryimage\"},\"image\":{\"@id\":\"https:\/\/www.gatewayservices.pl\/index.php\/o-nas\/#primaryimage\"},\"thumbnailUrl\":\"https:\/\/www.gatewayservices.pl\/wp-content\/uploads\/2026\/01\/775313c2-621d-427e-af28-9fc3bbda118e-1024x768.jpg\",\"datePublished\":\"2025-08-03T17:43:14+00:00\",\"dateModified\":\"2026-02-05T20:22:48+00:00\",\"breadcrumb\":{\"@id\":\"https:\/\/www.gatewayservices.pl\/index.php\/o-nas\/#breadcrumb\"},\"inLanguage\":\"en-US\",\"potentialAction\":[{\"@type\":\"ReadAction\",\"target\":[\"https:\/\/www.gatewayservices.pl\/index.php\/o-nas\/\"]}]},{\"@type\":\"ImageObject\",\"inLanguage\":\"en-US\",\"@id\":\"https:\/\/www.gatewayservices.pl\/index.php\/o-nas\/#primaryimage\",\"url\":\"https:\/\/www.gatewayservices.pl\/wp-content\/uploads\/2026\/01\/775313c2-621d-427e-af28-9fc3bbda118e-scaled.jpg\",\"contentUrl\":\"https:\/\/www.gatewayservices.pl\/wp-content\/uploads\/2026\/01\/775313c2-621d-427e-af28-9fc3bbda118e-scaled.jpg\",\"width\":2560,\"height\":1920},{\"@type\":\"BreadcrumbList\",\"@id\":\"https:\/\/www.gatewayservices.pl\/index.php\/o-nas\/#breadcrumb\",\"itemListElement\":[{\"@type\":\"ListItem\",\"position\":1,\"name\":\"Home\",\"item\":\"https:\/\/www.gatewayservices.pl\/\"},{\"@type\":\"ListItem\",\"position\":2,\"name\":\"O nas\"}]},{\"@type\":\"WebSite\",\"@id\":\"https:\/\/www.gatewayservices.pl\/#website\",\"url\":\"https:\/\/www.gatewayservices.pl\/\",\"name\":\"WordPress\",\"description\":\"\",\"potentialAction\":[{\"@type\":\"SearchAction\",\"target\":{\"@type\":\"EntryPoint\",\"urlTemplate\":\"https:\/\/www.gatewayservices.pl\/?s={search_term_string}\"},\"query-input\":{\"@type\":\"PropertyValueSpecification\",\"valueRequired\":true,\"valueName\":\"search_term_string\"}}],\"inLanguage\":\"en-US\"}]}<\/script>\n<!-- \/ Yoast SEO plugin. -->","yoast_head_json":{"title":"O nas - WordPress","robots":{"index":"index","follow":"follow","max-snippet":"max-snippet:-1","max-image-preview":"max-image-preview:large","max-video-preview":"max-video-preview:-1"},"canonical":"https:\/\/www.gatewayservices.pl\/index.php\/o-nas\/","og_locale":"en_US","og_type":"article","og_title":"O nas - WordPress","og_description":"Zanim powiesz \u201eHello!\u201d Poznaj nas troch\u0119 lepiej! Poznajmy si\u0119! \u0141\u0105czymy dwa \u015bwiaty: do\u015bwiadczenie i pasj\u0119, by wspiera\u0107 Ci\u0119 w nauce angielskiego, rozwoju i realizacji cel\u00f3w. J\u0119zyk to dla nas co\u015b wi\u0119cej ni\u017c praca. To codzienno\u015b\u0107 i \u017cyciowa pasja! \u00a0Rozumiemy, \u017ce kluczem do sukcesu jest nie tylko organizacja czasu, ale te\u017c znalezienie balansu mi\u0119dzy ambitnymi celami [&hellip;]","og_url":"https:\/\/www.gatewayservices.pl\/index.php\/o-nas\/","og_site_name":"WordPress","article_modified_time":"2026-02-05T20:22:48+00:00","og_image":[{"width":2560,"height":1920,"url":"https:\/\/www.gatewayservices.pl\/wp-content\/uploads\/2026\/01\/775313c2-621d-427e-af28-9fc3bbda118e-scaled.jpg","type":"image\/jpeg"}],"twitter_card":"summary_large_image","twitter_misc":{"Est. reading time":"3 minutes"},"schema":{"@context":"https:\/\/schema.org","@graph":[{"@type":"WebPage","@id":"https:\/\/www.gatewayservices.pl\/index.php\/o-nas\/","url":"https:\/\/www.gatewayservices.pl\/index.php\/o-nas\/","name":"O nas - WordPress","isPartOf":{"@id":"https:\/\/www.gatewayservices.pl\/#website"},"primaryImageOfPage":{"@id":"https:\/\/www.gatewayservices.pl\/index.php\/o-nas\/#primaryimage"},"image":{"@id":"https:\/\/www.gatewayservices.pl\/index.php\/o-nas\/#primaryimage"},"thumbnailUrl":"https:\/\/www.gatewayservices.pl\/wp-content\/uploads\/2026\/01\/775313c2-621d-427e-af28-9fc3bbda118e-1024x768.jpg","datePublished":"2025-08-03T17:43:14+00:00","dateModified":"2026-02-05T20:22:48+00:00","breadcrumb":{"@id":"https:\/\/www.gatewayservices.pl\/index.php\/o-nas\/#breadcrumb"},"inLanguage":"en-US","potentialAction":[{"@type":"ReadAction","target":["https:\/\/www.gatewayservices.pl\/index.php\/o-nas\/"]}]},{"@type":"ImageObject","inLanguage":"en-US","@id":"https:\/\/www.gatewayservices.pl\/index.php\/o-nas\/#primaryimage","url":"https:\/\/www.gatewayservices.pl\/wp-content\/uploads\/2026\/01\/775313c2-621d-427e-af28-9fc3bbda118e-scaled.jpg","contentUrl":"https:\/\/www.gatewayservices.pl\/wp-content\/uploads\/2026\/01\/775313c2-621d-427e-af28-9fc3bbda118e-scaled.jpg","width":2560,"height":1920},{"@type":"BreadcrumbList","@id":"https:\/\/www.gatewayservices.pl\/index.php\/o-nas\/#breadcrumb","itemListElement":[{"@type":"ListItem","position":1,"name":"Home","item":"https:\/\/www.gatewayservices.pl\/"},{"@type":"ListItem","position":2,"name":"O nas"}]},{"@type":"WebSite","@id":"https:\/\/www.gatewayservices.pl\/#website","url":"https:\/\/www.gatewayservices.pl\/","name":"WordPress","description":"","potentialAction":[{"@type":"SearchAction","target":{"@type":"EntryPoint","urlTemplate":"https:\/\/www.gatewayservices.pl\/?s={search_term_string}"},"query-input":{"@type":"PropertyValueSpecification","valueRequired":true,"valueName":"search_term_string"}}],"inLanguage":"en-US"}]}},"_links":{"self":[{"href":"https:\/\/www.gatewayservices.pl\/index.php\/wp-json\/wp\/v2\/pages\/37","targetHints":{"allow":["GET"]}}],"collection":[{"href":"https:\/\/www.gatewayservices.pl\/index.php\/wp-json\/wp\/v2\/pages"}],"about":[{"href":"https:\/\/www.gatewayservices.pl\/index.php\/wp-json\/wp\/v2\/types\/page"}],"author":[{"embeddable":true,"href":"https:\/\/www.gatewayservices.pl\/index.php\/wp-json\/wp\/v2\/users\/1"}],"replies":[{"embeddable":true,"href":"https:\/\/www.gatewayservices.pl\/index.php\/wp-json\/wp\/v2\/comments?post=37"}],"version-history":[{"count":88,"href":"https:\/\/www.gatewayservices.pl\/index.php\/wp-json\/wp\/v2\/pages\/37\/revisions"}],"predecessor-version":[{"id":1291,"href":"https:\/\/www.gatewayservices.pl\/index.php\/wp-json\/wp\/v2\/pages\/37\/revisions\/1291"}],"wp:attachment":[{"href":"https:\/\/www.gatewayservices.pl\/index.php\/wp-json\/wp\/v2\/media?parent=37"}],"curies":[{"name":"wp","href":"https:\/\/api.w.org\/{rel}","templated":true}]}}