{"id":41,"date":"2025-08-03T17:44:49","date_gmt":"2025-08-03T17:44:49","guid":{"rendered":"http:\/\/www.gatewayservices.pl\/?page_id=41"},"modified":"2025-08-25T12:49:10","modified_gmt":"2025-08-25T12:49:10","slug":"kontakt","status":"publish","type":"page","link":"https:\/\/www.gatewayservices.pl\/index.php\/kontakt\/","title":{"rendered":"Cennik"},"content":{"rendered":"\t\t<div data-elementor-type=\"wp-page\" data-elementor-id=\"41\" class=\"elementor elementor-41\">\n\t\t\t\t<div class=\"elementor-element elementor-element-5294b55 e-flex e-con-boxed e-con e-parent\" data-id=\"5294b55\" data-element_type=\"container\">\n\t\t\t\t\t<div class=\"e-con-inner\">\n\t\t\t\t<div class=\"elementor-element elementor-element-70c82f6 elementor-align-center elementor-widget-tablet__width-initial elementor-widget elementor-widget-button\" data-id=\"70c82f6\" data-element_type=\"widget\" data-widget_type=\"button.default\">\n\t\t\t\t\t\t\t\t\t\t<a class=\"elementor-button elementor-size-sm\" role=\"button\">\n\t\t\t\t\t\t<span class=\"elementor-button-content-wrapper\">\n\t\t\t\t\t\t\t\t\t<span class=\"elementor-button-text\">Zainwestuj w sw\u00f3j rozw\u00f3j j\u0119zykowy!<\/span>\n\t\t\t\t\t<\/span>\n\t\t\t\t\t<\/a>\n\t\t\t\t\t\t\t\t<\/div>\n\t\t\t\t\t<\/div>\n\t\t\t\t<\/div>\n\t\t<div class=\"elementor-element elementor-element-dd7edb8 e-flex e-con-boxed e-con e-parent\" data-id=\"dd7edb8\" data-element_type=\"container\">\n\t\t\t\t\t<div class=\"e-con-inner\">\n\t\t\t\t<div class=\"elementor-element elementor-element-91990ef elementor-widget__width-initial elementor-widget-mobile__width-initial elementor-widget elementor-widget-image\" data-id=\"91990ef\" data-element_type=\"widget\" data-widget_type=\"image.default\">\n\t\t\t\t\t\t\t\t\t\t\t\t\t\t\t<img fetchpriority=\"high\" decoding=\"async\" width=\"800\" height=\"450\" src=\"https:\/\/www.gatewayservices.pl\/wp-content\/uploads\/2025\/08\/Zobacz-jak-mozemy-Ci-pomoc-1-1024x576.png\" class=\"attachment-large size-large wp-image-370\" alt=\"\" srcset=\"https:\/\/www.gatewayservices.pl\/wp-content\/uploads\/2025\/08\/Zobacz-jak-mozemy-Ci-pomoc-1-1024x576.png 1024w, https:\/\/www.gatewayservices.pl\/wp-content\/uploads\/2025\/08\/Zobacz-jak-mozemy-Ci-pomoc-1-300x169.png 300w, https:\/\/www.gatewayservices.pl\/wp-content\/uploads\/2025\/08\/Zobacz-jak-mozemy-Ci-pomoc-1-768x432.png 768w, https:\/\/www.gatewayservices.pl\/wp-content\/uploads\/2025\/08\/Zobacz-jak-mozemy-Ci-pomoc-1-1536x864.png 1536w, https:\/\/www.gatewayservices.pl\/wp-content\/uploads\/2025\/08\/Zobacz-jak-mozemy-Ci-pomoc-1-2048x1152.png 2048w\" sizes=\"(max-width: 800px) 100vw, 800px\" \/>\t\t\t\t\t\t\t\t\t\t\t\t\t\t\t<\/div>\n\t\t\t\t\t<\/div>\n\t\t\t\t<\/div>\n\t\t<div class=\"elementor-element elementor-element-43853b6 e-con-full e-flex e-con e-parent\" data-id=\"43853b6\" data-element_type=\"container\">\n\t\t\t\t<div class=\"elementor-element elementor-element-ea7ba21 elementor-widget elementor-widget-spacer\" data-id=\"ea7ba21\" data-element_type=\"widget\" data-widget_type=\"spacer.default\">\n\t\t\t\t\t\t\t<div class=\"elementor-spacer\">\n\t\t\t<div class=\"elementor-spacer-inner\"><\/div>\n\t\t<\/div>\n\t\t\t\t\t\t<\/div>\n\t\t\t\t<div class=\"elementor-element elementor-element-8cac4c9 elementor-widget-mobile__width-initial elementor-widget elementor-widget-text-editor\" data-id=\"8cac4c9\" data-element_type=\"widget\" data-widget_type=\"text-editor.default\">\n\t\t\t\t\t\t\t\t\t<p>Poznaj nasze ceny i sprawd\u017a, kt\u00f3ry model wsp\u00f3\u0142pracy <strong>najbardziej pasuje do Ciebie<\/strong>!<\/p>\t\t\t\t\t\t\t\t<\/div>\n\t\t\t\t<div class=\"elementor-element elementor-element-24f448d elementor-widget elementor-widget-spacer\" data-id=\"24f448d\" data-element_type=\"widget\" data-widget_type=\"spacer.default\">\n\t\t\t\t\t\t\t<div class=\"elementor-spacer\">\n\t\t\t<div class=\"elementor-spacer-inner\"><\/div>\n\t\t<\/div>\n\t\t\t\t\t\t<\/div>\n\t\t\t\t<\/div>\n\t\t<div class=\"elementor-element elementor-element-67be31e e-flex e-con-boxed e-con e-parent\" data-id=\"67be31e\" data-element_type=\"container\">\n\t\t\t\t\t<div class=\"e-con-inner\">\n\t\t\t\t<div class=\"elementor-element elementor-element-2cc674b elementor-widget__width-initial elementor-widget-mobile__width-initial elementor-widget elementor-widget-image\" data-id=\"2cc674b\" data-element_type=\"widget\" data-widget_type=\"image.default\">\n\t\t\t\t\t\t\t\t\t\t\t\t\t\t\t<img decoding=\"async\" width=\"800\" height=\"450\" src=\"https:\/\/www.gatewayservices.pl\/wp-content\/uploads\/2025\/08\/Zobacz-jak-mozemy-Ci-pomoc-11-1024x576.png\" class=\"attachment-large size-large wp-image-405\" alt=\"\" srcset=\"https:\/\/www.gatewayservices.pl\/wp-content\/uploads\/2025\/08\/Zobacz-jak-mozemy-Ci-pomoc-11-1024x576.png 1024w, https:\/\/www.gatewayservices.pl\/wp-content\/uploads\/2025\/08\/Zobacz-jak-mozemy-Ci-pomoc-11-300x169.png 300w, https:\/\/www.gatewayservices.pl\/wp-content\/uploads\/2025\/08\/Zobacz-jak-mozemy-Ci-pomoc-11-768x432.png 768w, https:\/\/www.gatewayservices.pl\/wp-content\/uploads\/2025\/08\/Zobacz-jak-mozemy-Ci-pomoc-11-1536x864.png 1536w, https:\/\/www.gatewayservices.pl\/wp-content\/uploads\/2025\/08\/Zobacz-jak-mozemy-Ci-pomoc-11-2048x1152.png 2048w\" sizes=\"(max-width: 800px) 100vw, 800px\" \/>\t\t\t\t\t\t\t\t\t\t\t\t\t\t\t<\/div>\n\t\t\t\t\t<\/div>\n\t\t\t\t<\/div>\n\t\t<div class=\"elementor-element elementor-element-fce66c2 e-flex e-con-boxed e-con e-parent\" data-id=\"fce66c2\" data-element_type=\"container\">\n\t\t\t\t\t<div class=\"e-con-inner\">\n\t\t\t\t<div class=\"elementor-element elementor-element-c755a33 elementor-widget elementor-widget-spacer\" data-id=\"c755a33\" data-element_type=\"widget\" data-widget_type=\"spacer.default\">\n\t\t\t\t\t\t\t<div class=\"elementor-spacer\">\n\t\t\t<div class=\"elementor-spacer-inner\"><\/div>\n\t\t<\/div>\n\t\t\t\t\t\t<\/div>\n\t\t\t\t<div class=\"elementor-element elementor-element-2a89a7e elementor-view-default elementor-widget elementor-widget-icon\" data-id=\"2a89a7e\" data-element_type=\"widget\" data-widget_type=\"icon.default\">\n\t\t\t\t\t\t\t<div class=\"elementor-icon-wrapper\">\n\t\t\t<div class=\"elementor-icon\">\n\t\t\t<svg aria-hidden=\"true\" class=\"e-font-icon-svg e-fas-arrow-circle-down\" viewBox=\"0 0 512 512\" xmlns=\"http:\/\/www.w3.org\/2000\/svg\"><path d=\"M504 256c0 137-111 248-248 248S8 393 8 256 119 8 256 8s248 111 248 248zm-143.6-28.9L288 302.6V120c0-13.3-10.7-24-24-24h-16c-13.3 0-24 10.7-24 24v182.6l-72.4-75.5c-9.3-9.7-24.8-9.9-34.3-.4l-10.9 11c-9.4 9.4-9.4 24.6 0 33.9L239 404.3c9.4 9.4 24.6 9.4 33.9 0l132.7-132.7c9.4-9.4 9.4-24.6 0-33.9l-10.9-11c-9.5-9.5-25-9.3-34.3.4z\"><\/path><\/svg>\t\t\t<\/div>\n\t\t<\/div>\n\t\t\t\t\t\t<\/div>\n\t\t\t\t\t<\/div>\n\t\t\t\t<\/div>\n\t\t<div class=\"elementor-element elementor-element-297620a e-con-full e-flex e-con e-parent\" data-id=\"297620a\" data-element_type=\"container\">\n\t\t\t\t<div class=\"elementor-element elementor-element-89a898d elementor-widget elementor-widget-spacer\" data-id=\"89a898d\" data-element_type=\"widget\" data-widget_type=\"spacer.default\">\n\t\t\t\t\t\t\t<div class=\"elementor-spacer\">\n\t\t\t<div class=\"elementor-spacer-inner\"><\/div>\n\t\t<\/div>\n\t\t\t\t\t\t<\/div>\n\t\t\t\t<div class=\"elementor-element elementor-element-563ba9b elementor-widget elementor-widget-spacer\" data-id=\"563ba9b\" data-element_type=\"widget\" data-widget_type=\"spacer.default\">\n\t\t\t\t\t\t\t<div class=\"elementor-spacer\">\n\t\t\t<div class=\"elementor-spacer-inner\"><\/div>\n\t\t<\/div>\n\t\t\t\t\t\t<\/div>\n\t\t\t\t<\/div>\n\t\t<div class=\"elementor-element elementor-element-fe28480 e-con-full e-flex e-con e-parent\" data-id=\"fe28480\" data-element_type=\"container\">\n\t\t<div class=\"elementor-element elementor-element-6f22e98 e-con-full e-flex e-con e-child\" data-id=\"6f22e98\" data-element_type=\"container\">\n\t\t\t\t<div class=\"elementor-element elementor-element-92cb8d5 elementor-widget__width-initial elementor-widget-mobile__width-initial elementor-widget elementor-widget-image\" data-id=\"92cb8d5\" data-element_type=\"widget\" data-widget_type=\"image.default\">\n\t\t\t\t\t\t\t\t\t\t\t\t\t\t\t<img decoding=\"async\" width=\"724\" height=\"1024\" src=\"https:\/\/www.gatewayservices.pl\/wp-content\/uploads\/2025\/08\/Cennik-18-724x1024.png\" class=\"attachment-large size-large wp-image-1166\" alt=\"\" srcset=\"https:\/\/www.gatewayservices.pl\/wp-content\/uploads\/2025\/08\/Cennik-18-724x1024.png 724w, https:\/\/www.gatewayservices.pl\/wp-content\/uploads\/2025\/08\/Cennik-18-212x300.png 212w, https:\/\/www.gatewayservices.pl\/wp-content\/uploads\/2025\/08\/Cennik-18-768x1086.png 768w, https:\/\/www.gatewayservices.pl\/wp-content\/uploads\/2025\/08\/Cennik-18-1086x1536.png 1086w, https:\/\/www.gatewayservices.pl\/wp-content\/uploads\/2025\/08\/Cennik-18.png 1414w\" sizes=\"(max-width: 724px) 100vw, 724px\" \/>\t\t\t\t\t\t\t\t\t\t\t\t\t\t\t<\/div>\n\t\t\t\t<\/div>\n\t\t<div class=\"elementor-element elementor-element-faab66d e-con-full e-flex e-con e-child\" data-id=\"faab66d\" data-element_type=\"container\">\n\t\t\t\t<div class=\"elementor-element elementor-element-1d6e609 elementor-widget__width-initial elementor-widget-mobile__width-initial elementor-widget elementor-widget-image\" data-id=\"1d6e609\" data-element_type=\"widget\" data-widget_type=\"image.default\">\n\t\t\t\t\t\t\t\t\t\t\t\t\t\t\t<img loading=\"lazy\" decoding=\"async\" width=\"724\" height=\"1024\" src=\"https:\/\/www.gatewayservices.pl\/wp-content\/uploads\/2025\/08\/Cennik-19-724x1024.png\" class=\"attachment-large size-large wp-image-1167\" alt=\"\" srcset=\"https:\/\/www.gatewayservices.pl\/wp-content\/uploads\/2025\/08\/Cennik-19-724x1024.png 724w, https:\/\/www.gatewayservices.pl\/wp-content\/uploads\/2025\/08\/Cennik-19-212x300.png 212w, https:\/\/www.gatewayservices.pl\/wp-content\/uploads\/2025\/08\/Cennik-19-768x1086.png 768w, https:\/\/www.gatewayservices.pl\/wp-content\/uploads\/2025\/08\/Cennik-19-1086x1536.png 1086w, https:\/\/www.gatewayservices.pl\/wp-content\/uploads\/2025\/08\/Cennik-19.png 1414w\" sizes=\"(max-width: 724px) 100vw, 724px\" \/>\t\t\t\t\t\t\t\t\t\t\t\t\t\t\t<\/div>\n\t\t\t\t<\/div>\n\t\t\t\t<\/div>\n\t\t<div class=\"elementor-element elementor-element-be36132 e-flex e-con-boxed e-con e-parent\" data-id=\"be36132\" data-element_type=\"container\">\n\t\t\t\t\t<div class=\"e-con-inner\">\n\t\t\t\t<div class=\"elementor-element elementor-element-ac984b2 elementor-widget elementor-widget-heading\" data-id=\"ac984b2\" data-element_type=\"widget\" data-widget_type=\"heading.default\">\n\t\t\t\t\t<h2 class=\"elementor-heading-title elementor-size-default\">Przy zakupie pakietu 4 lekcji obowi\u0105zuje rabat -5 z\u0142 za ka\u017cd\u0105 lekcj\u0119!<\/h2>\t\t\t\t<\/div>\n\t\t\t\t\t<\/div>\n\t\t\t\t<\/div>\n\t\t<div class=\"elementor-element elementor-element-7082c9e e-con-full e-flex e-con e-parent\" data-id=\"7082c9e\" data-element_type=\"container\">\n\t\t\t\t<div class=\"elementor-element elementor-element-e1c3e69 elementor-widget elementor-widget-spacer\" data-id=\"e1c3e69\" data-element_type=\"widget\" data-widget_type=\"spacer.default\">\n\t\t\t\t\t\t\t<div class=\"elementor-spacer\">\n\t\t\t<div class=\"elementor-spacer-inner\"><\/div>\n\t\t<\/div>\n\t\t\t\t\t\t<\/div>\n\t\t\t\t<div class=\"elementor-element elementor-element-80a65fc elementor-widget elementor-widget-spacer\" data-id=\"80a65fc\" data-element_type=\"widget\" data-widget_type=\"spacer.default\">\n\t\t\t\t\t\t\t<div class=\"elementor-spacer\">\n\t\t\t<div class=\"elementor-spacer-inner\"><\/div>\n\t\t<\/div>\n\t\t\t\t\t\t<\/div>\n\t\t\t\t<\/div>\n\t\t<div class=\"elementor-element elementor-element-02e3cdc e-flex e-con-boxed e-con e-parent\" data-id=\"02e3cdc\" data-element_type=\"container\">\n\t\t\t\t\t<div class=\"e-con-inner\">\n\t\t\t\t<div class=\"elementor-element elementor-element-99674ce elementor-widget elementor-widget-spacer\" data-id=\"99674ce\" data-element_type=\"widget\" data-widget_type=\"spacer.default\">\n\t\t\t\t\t\t\t<div class=\"elementor-spacer\">\n\t\t\t<div class=\"elementor-spacer-inner\"><\/div>\n\t\t<\/div>\n\t\t\t\t\t\t<\/div>\n\t\t\t\t\t<\/div>\n\t\t\t\t<\/div>\n\t\t\t\t<\/div>\n\t\t","protected":false},"excerpt":{"rendered":"<p>Zainwestuj w sw\u00f3j rozw\u00f3j j\u0119zykowy! Poznaj nasze ceny i sprawd\u017a, kt\u00f3ry model wsp\u00f3\u0142pracy najbardziej pasuje do Ciebie! Przy zakupie pakietu 4 lekcji obowi\u0105zuje rabat -5 z\u0142 za ka\u017cd\u0105 lekcj\u0119!<\/p>\n","protected":false},"author":1,"featured_media":0,"parent":0,"menu_order":0,"comment_status":"closed","ping_status":"closed","template":"","meta":{"footnotes":""},"class_list":["post-41","page","type-page","status-publish","hentry"],"yoast_head":"<!-- This site is optimized with the Yoast SEO plugin v25.6 - https:\/\/yoast.com\/wordpress\/plugins\/seo\/ -->\n<title>Cennik - WordPress<\/title>\n<meta name=\"robots\" content=\"index, follow, max-snippet:-1, max-image-preview:large, max-video-preview:-1\" \/>\n<link rel=\"canonical\" href=\"https:\/\/www.gatewayservices.pl\/index.php\/kontakt\/\" \/>\n<meta property=\"og:locale\" content=\"en_US\" \/>\n<meta property=\"og:type\" content=\"article\" \/>\n<meta property=\"og:title\" content=\"Cennik - WordPress\" \/>\n<meta property=\"og:description\" content=\"Zainwestuj w sw\u00f3j rozw\u00f3j j\u0119zykowy! Poznaj nasze ceny i sprawd\u017a, kt\u00f3ry model wsp\u00f3\u0142pracy najbardziej pasuje do Ciebie! Przy zakupie pakietu 4 lekcji obowi\u0105zuje rabat -5 z\u0142 za ka\u017cd\u0105 lekcj\u0119!\" \/>\n<meta property=\"og:url\" content=\"https:\/\/www.gatewayservices.pl\/index.php\/kontakt\/\" \/>\n<meta property=\"og:site_name\" content=\"WordPress\" \/>\n<meta property=\"article:modified_time\" content=\"2025-08-25T12:49:10+00:00\" \/>\n<meta property=\"og:image\" content=\"https:\/\/www.gatewayservices.pl\/wp-content\/uploads\/2025\/08\/Zobacz-jak-mozemy-Ci-pomoc-1.png\" \/>\n\t<meta property=\"og:image:width\" content=\"2560\" \/>\n\t<meta property=\"og:image:height\" content=\"1440\" \/>\n\t<meta property=\"og:image:type\" content=\"image\/png\" \/>\n<meta name=\"twitter:card\" content=\"summary_large_image\" \/>\n<meta name=\"twitter:label1\" content=\"Est. reading time\" \/>\n\t<meta name=\"twitter:data1\" content=\"1 minute\" \/>\n<script type=\"application\/ld+json\" class=\"yoast-schema-graph\">{\"@context\":\"https:\/\/schema.org\",\"@graph\":[{\"@type\":\"WebPage\",\"@id\":\"https:\/\/www.gatewayservices.pl\/index.php\/kontakt\/\",\"url\":\"https:\/\/www.gatewayservices.pl\/index.php\/kontakt\/\",\"name\":\"Cennik - WordPress\",\"isPartOf\":{\"@id\":\"https:\/\/www.gatewayservices.pl\/#website\"},\"primaryImageOfPage\":{\"@id\":\"https:\/\/www.gatewayservices.pl\/index.php\/kontakt\/#primaryimage\"},\"image\":{\"@id\":\"https:\/\/www.gatewayservices.pl\/index.php\/kontakt\/#primaryimage\"},\"thumbnailUrl\":\"https:\/\/www.gatewayservices.pl\/wp-content\/uploads\/2025\/08\/Zobacz-jak-mozemy-Ci-pomoc-1-1024x576.png\",\"datePublished\":\"2025-08-03T17:44:49+00:00\",\"dateModified\":\"2025-08-25T12:49:10+00:00\",\"breadcrumb\":{\"@id\":\"https:\/\/www.gatewayservices.pl\/index.php\/kontakt\/#breadcrumb\"},\"inLanguage\":\"en-US\",\"potentialAction\":[{\"@type\":\"ReadAction\",\"target\":[\"https:\/\/www.gatewayservices.pl\/index.php\/kontakt\/\"]}]},{\"@type\":\"ImageObject\",\"inLanguage\":\"en-US\",\"@id\":\"https:\/\/www.gatewayservices.pl\/index.php\/kontakt\/#primaryimage\",\"url\":\"https:\/\/www.gatewayservices.pl\/wp-content\/uploads\/2025\/08\/Zobacz-jak-mozemy-Ci-pomoc-1.png\",\"contentUrl\":\"https:\/\/www.gatewayservices.pl\/wp-content\/uploads\/2025\/08\/Zobacz-jak-mozemy-Ci-pomoc-1.png\",\"width\":2560,\"height\":1440},{\"@type\":\"BreadcrumbList\",\"@id\":\"https:\/\/www.gatewayservices.pl\/index.php\/kontakt\/#breadcrumb\",\"itemListElement\":[{\"@type\":\"ListItem\",\"position\":1,\"name\":\"Home\",\"item\":\"https:\/\/www.gatewayservices.pl\/\"},{\"@type\":\"ListItem\",\"position\":2,\"name\":\"Cennik\"}]},{\"@type\":\"WebSite\",\"@id\":\"https:\/\/www.gatewayservices.pl\/#website\",\"url\":\"https:\/\/www.gatewayservices.pl\/\",\"name\":\"WordPress\",\"description\":\"\",\"potentialAction\":[{\"@type\":\"SearchAction\",\"target\":{\"@type\":\"EntryPoint\",\"urlTemplate\":\"https:\/\/www.gatewayservices.pl\/?s={search_term_string}\"},\"query-input\":{\"@type\":\"PropertyValueSpecification\",\"valueRequired\":true,\"valueName\":\"search_term_string\"}}],\"inLanguage\":\"en-US\"}]}<\/script>\n<!-- \/ Yoast SEO plugin. -->","yoast_head_json":{"title":"Cennik - WordPress","robots":{"index":"index","follow":"follow","max-snippet":"max-snippet:-1","max-image-preview":"max-image-preview:large","max-video-preview":"max-video-preview:-1"},"canonical":"https:\/\/www.gatewayservices.pl\/index.php\/kontakt\/","og_locale":"en_US","og_type":"article","og_title":"Cennik - WordPress","og_description":"Zainwestuj w sw\u00f3j rozw\u00f3j j\u0119zykowy! Poznaj nasze ceny i sprawd\u017a, kt\u00f3ry model wsp\u00f3\u0142pracy najbardziej pasuje do Ciebie! Przy zakupie pakietu 4 lekcji obowi\u0105zuje rabat -5 z\u0142 za ka\u017cd\u0105 lekcj\u0119!","og_url":"https:\/\/www.gatewayservices.pl\/index.php\/kontakt\/","og_site_name":"WordPress","article_modified_time":"2025-08-25T12:49:10+00:00","og_image":[{"width":2560,"height":1440,"url":"https:\/\/www.gatewayservices.pl\/wp-content\/uploads\/2025\/08\/Zobacz-jak-mozemy-Ci-pomoc-1.png","type":"image\/png"}],"twitter_card":"summary_large_image","twitter_misc":{"Est. reading time":"1 minute"},"schema":{"@context":"https:\/\/schema.org","@graph":[{"@type":"WebPage","@id":"https:\/\/www.gatewayservices.pl\/index.php\/kontakt\/","url":"https:\/\/www.gatewayservices.pl\/index.php\/kontakt\/","name":"Cennik - WordPress","isPartOf":{"@id":"https:\/\/www.gatewayservices.pl\/#website"},"primaryImageOfPage":{"@id":"https:\/\/www.gatewayservices.pl\/index.php\/kontakt\/#primaryimage"},"image":{"@id":"https:\/\/www.gatewayservices.pl\/index.php\/kontakt\/#primaryimage"},"thumbnailUrl":"https:\/\/www.gatewayservices.pl\/wp-content\/uploads\/2025\/08\/Zobacz-jak-mozemy-Ci-pomoc-1-1024x576.png","datePublished":"2025-08-03T17:44:49+00:00","dateModified":"2025-08-25T12:49:10+00:00","breadcrumb":{"@id":"https:\/\/www.gatewayservices.pl\/index.php\/kontakt\/#breadcrumb"},"inLanguage":"en-US","potentialAction":[{"@type":"ReadAction","target":["https:\/\/www.gatewayservices.pl\/index.php\/kontakt\/"]}]},{"@type":"ImageObject","inLanguage":"en-US","@id":"https:\/\/www.gatewayservices.pl\/index.php\/kontakt\/#primaryimage","url":"https:\/\/www.gatewayservices.pl\/wp-content\/uploads\/2025\/08\/Zobacz-jak-mozemy-Ci-pomoc-1.png","contentUrl":"https:\/\/www.gatewayservices.pl\/wp-content\/uploads\/2025\/08\/Zobacz-jak-mozemy-Ci-pomoc-1.png","width":2560,"height":1440},{"@type":"BreadcrumbList","@id":"https:\/\/www.gatewayservices.pl\/index.php\/kontakt\/#breadcrumb","itemListElement":[{"@type":"ListItem","position":1,"name":"Home","item":"https:\/\/www.gatewayservices.pl\/"},{"@type":"ListItem","position":2,"name":"Cennik"}]},{"@type":"WebSite","@id":"https:\/\/www.gatewayservices.pl\/#website","url":"https:\/\/www.gatewayservices.pl\/","name":"WordPress","description":"","potentialAction":[{"@type":"SearchAction","target":{"@type":"EntryPoint","urlTemplate":"https:\/\/www.gatewayservices.pl\/?s={search_term_string}"},"query-input":{"@type":"PropertyValueSpecification","valueRequired":true,"valueName":"search_term_string"}}],"inLanguage":"en-US"}]}},"_links":{"self":[{"href":"https:\/\/www.gatewayservices.pl\/index.php\/wp-json\/wp\/v2\/pages\/41","targetHints":{"allow":["GET"]}}],"collection":[{"href":"https:\/\/www.gatewayservices.pl\/index.php\/wp-json\/wp\/v2\/pages"}],"about":[{"href":"https:\/\/www.gatewayservices.pl\/index.php\/wp-json\/wp\/v2\/types\/page"}],"author":[{"embeddable":true,"href":"https:\/\/www.gatewayservices.pl\/index.php\/wp-json\/wp\/v2\/users\/1"}],"replies":[{"embeddable":true,"href":"https:\/\/www.gatewayservices.pl\/index.php\/wp-json\/wp\/v2\/comments?post=41"}],"version-history":[{"count":101,"href":"https:\/\/www.gatewayservices.pl\/index.php\/wp-json\/wp\/v2\/pages\/41\/revisions"}],"predecessor-version":[{"id":1170,"href":"https:\/\/www.gatewayservices.pl\/index.php\/wp-json\/wp\/v2\/pages\/41\/revisions\/1170"}],"wp:attachment":[{"href":"https:\/\/www.gatewayservices.pl\/index.php\/wp-json\/wp\/v2\/media?parent=41"}],"curies":[{"name":"wp","href":"https:\/\/api.w.org\/{rel}","templated":true}]}}